{"id":1076,"date":"2011-12-28T10:31:46","date_gmt":"2011-12-28T09:31:46","guid":{"rendered":"https:\/\/www.bioscabotey.es\/?page_id=1076"},"modified":"2022-01-17T10:55:58","modified_gmt":"2022-01-17T09:55:58","slug":"terminos-y-condiciones","status":"publish","type":"page","link":"https:\/\/www.bioscabotey.es\/ca\/terminos-y-condiciones\/","title":{"rendered":"(Espa\u00f1ol) T\u00e9rminos y Condiciones"},"content":{"rendered":"<p><\/p>\n<p align=\"center\"><strong>AVISO IMPORTANTE SOBRE PRIVACIDAD<\/strong><\/p>\n<p style=\"text-align: center;\" align=\"center\">T\u00c9RMINOS Y CONDICIONES DEL SITIO WEB WWW.BIOSCABOTEY.ES<\/p>\n<p>&nbsp;<\/p>\n<p><strong>T\u00e9rminos y Condiciones <\/strong><\/p>\n<p>Estos t\u00e9rminos y condiciones (en adelante, \u201clas Condiciones Generales\u201d) rigen el acceso y la utilizaci\u00f3n que el usuario (en adelante, \u201cel Usuario\u201d) realiza del Sitio Web de BIOSCA&amp;BOTEY (en adelante, \u201cel Sitio Web\u201d). Por medio de la aceptaci\u00f3n de las presentes Condiciones Generales, el Usuario manifiesta:<br \/>\na. Que ha le\u00eddo, entiende y comprende lo aqu\u00ed expuesto.<br \/>\nb. Que asume todas las obligaciones aqu\u00ed dispuestas.<br \/>\nLa utilizaci\u00f3n del Sitio Web atribuye la condici\u00f3n de Usuario del Sitio Web e implica la aceptaci\u00f3n de todos los t\u00e9rminos incluidos en estas Condiciones Generales. El Usuario debe leer atentamente las presentes Condiciones Generales cada vez que acceda al Sitio Web, ya que el mismo y estas Condiciones Generales pueden sufrir modificaciones.<br \/>\nNos reservamos la facultad de realizar, en cualquier momento y sin necesidad de preaviso, cualquier modificaci\u00f3n o actualizaci\u00f3n de los contenidos y servicios; de las presentes Condiciones Generales y, en general, de cuantos elementos integran el dise\u00f1o y configuraci\u00f3n del Sitio Web.<br \/>\n<strong>1. Informaci\u00f3n general del Sitio Web<\/strong><br \/>\nEn cumplimiento de lo establecido por el art\u00edculo 10 de la Ley 34\/2002, de 11 de julio, de servicios de la sociedad de la informaci\u00f3n y de comercio electr\u00f3nico, a continuaci\u00f3n ofrecemos la informaci\u00f3n general del Sitio Web:<br \/>\n<strong>Titular:<\/strong> LOREFAR S.L (en adelante, \u201cBIOSCABOTEY\u201d). Domicilio social: Calle Concejal Francisco Jose Jim\u00e9nez Martin n\u00ba 160, 28047-MADRID.<br \/>\n<strong>C.I.F.:<\/strong> B58087479.<br \/>\n<strong>E-mail:<\/strong> info@bioscabotey.es<br \/>\n<strong>Telf.:<\/strong> 902 165 166<br \/>\n<strong>2. Acceso al Sitio Web<\/strong><br \/>\nEl simple acceso al Sitio Web es gratuito salvo en lo relativo al coste de la conexi\u00f3n a trav\u00e9s de la red de telecomunicaciones suministrada por el proveedor de acceso contratado por el Usuario.<br \/>\n<strong>3. Normas de utilizaci\u00f3n del Sitio Web<\/strong><br \/>\nEl Usuario se obliga a utilizar el Sitio Web y todo su contenido y servicios conforme a lo establecido en la ley, la moral, el orden p\u00fablico y en las presentes Condiciones Generales. Asimismo, se obliga hacer un uso adecuado de los servicios y\/o contenidos del Sitio Web y a no emplearlos para realizar actividades il\u00edcitas o constitutivas de delito, que atenten contra los derechos de terceros y\/o que infrinjan la regulaci\u00f3n sobre propiedad intelectual e industrial, o cualesquiera otras normas del ordenamiento jur\u00eddico aplicable.<br \/>\nEl Usuario se obliga a no transmitir, introducir, difundir y poner a disposici\u00f3n de terceros, cualquier tipo de material e informaci\u00f3n (datos, contenidos, mensajes, dibujos, archivos de sonido e imagen, fotograf\u00edas, software, etc.) que sean contrarios a la ley, la moral, el orden p\u00fablico y las presentes Condiciones Generales. A t\u00edtulo enunciativo, y en ning\u00fan caso limitativo o excluyente, el Usuario se compromete a:<br \/>\nI.- No introducir o difundir contenidos o propaganda de car\u00e1cter racista, xen\u00f3fobo, pornogr\u00e1fico, de apolog\u00eda del terrorismo o que atenten contra los derechos humanos.<br \/>\nII.- No introducir o difundir en la red programas de datos (virus y software nocivo) susceptibles de provocar da\u00f1os en los sistemas inform\u00e1ticos del proveedor de acceso, sus proveedores o terceros Usuarios de la red Internet.<br \/>\nIII.- No difundir, transmitir o poner a disposici\u00f3n de terceros cualquier tipo de informaci\u00f3n, elemento o contenido que atente contra los derechos fundamentales y las libertades p\u00fablicas reconocidos constitucionalmente y en los tratados internacionales.<br \/>\nIV.- No difundir, transmitir o poner a disposici\u00f3n de terceros cualquier tipo de informaci\u00f3n, elemento o contenido que constituya publicidad il\u00edcita o desleal.<br \/>\nV.- No transmitir publicidad no solicitada o autorizada, material publicitario, \u201ccorreo basura\u201d, \u201ccartas en cadena\u201d, \u201cestructuras piramidales\u201d, o cualquier otra forma de solicitaci\u00f3n, excepto en aquellas \u00e1reas (tales como espacios comerciales) que hayan sido exclusivamente concebidas para ello.<br \/>\nVI.- No introducir o difundir cualquier informaci\u00f3n y contenidos falsos, ambiguos o inexactos de forma que induzca a error a los receptores de la informaci\u00f3n.<br \/>\nVII.- No difundir, transmitir o poner a disposici\u00f3n de terceros cualquier tipo de informaci\u00f3n, elemento o contenido que suponga una violaci\u00f3n de los derechos de propiedad intelectual e industrial, patentes, marcas o copyright que correspondan a los titulares del Sitio Web o a terceros.<br \/>\nVIII.- No difundir, transmitir o poner a disposici\u00f3n de terceros cualquier tipo de informaci\u00f3n, elemento o contenido que suponga una violaci\u00f3n del secreto de las comunicaciones y la legislaci\u00f3n de datos de car\u00e1cter personal.<br \/>\nEl Usuario se obliga a mantener indemne a BIOSCABOTEY ante cualquier posible reclamaci\u00f3n, multa, pena o sanci\u00f3n que pueda venir obligada a soportar como consecuencia del incumplimiento por parte del Usuario de cualquiera de las normas de utilizaci\u00f3n antes indicadas, reserv\u00e1ndose, adem\u00e1s, BIOSCABOTEY el derecho a solicitar la indemnizaci\u00f3n por da\u00f1os y perjuicios que corresponda.<br \/>\nBIOSCABOTEY se reserva el derecho de prohibir, a cualquier Usuario que infrinja las normas y obligaciones establecidas en estas Condiciones Generales, el uso de los servicios ofrecidos a trav\u00e9s del Sitio Web.<br \/>\n<strong>4. Exclusi\u00f3n de Responsabilidad<\/strong><br \/>\nBIOSCABOTEY no asume ninguna responsabilidad relacionada con la actualizaci\u00f3n del Sitio Web, ni garantiza que la informaci\u00f3n publicada sea precisa ni completa. Por lo tanto, el Usuario debe confirmar que la informaci\u00f3n publicada sea precisa y completa antes de tomar una decisi\u00f3n relacionada con cualquier servicio o contenido descrito en el Sitio Web. El acceso del Usuario al Sitio Web no implica para BIOSCA&amp;BOTEY la obligaci\u00f3n de controlar la ausencia de virus, gusanos o cualquier otro elemento inform\u00e1tico da\u00f1ino. Corresponde al Usuario, en todo caso, el disponer de herramientas adecuadas para la detecci\u00f3n y desinfecci\u00f3n de programas inform\u00e1ticos da\u00f1inos. BIOSCABOTEY no se responsabiliza de los da\u00f1os producidos en el software y equipos inform\u00e1ticos de los Usuarios o de terceros durante la utilizaci\u00f3n de los servicios ofrecidos en el Sitio Web, ni de los que traigan causa de fallos o desconexiones en las redes de telecomunicaciones que produzcan la suspensi\u00f3n, cancelaci\u00f3n o interrupci\u00f3n del servicio del Sitio Web durante la prestaci\u00f3n del mismo o con car\u00e1cter previo.<br \/>\n<strong>5. Contenidos y servicios enlazados a trav\u00e9s del Sitio Web<\/strong><br \/>\nEl servicio de acceso al Sitio Web puede incluir dispositivos t\u00e9cnicos de enlace, directorios e incluso instrumentos de b\u00fasqueda que permiten al Usuario acceder a otras p\u00e1ginas y Portales de Internet (en adelante, \u201cSitios Enlazados\u201d). En estos casos, BIOSCABOTEY s\u00f3lo ser\u00e1 responsable de los contenidos y servicios suministrados en los Sitios Enlazados en la medida en que tenga conocimiento efectivo de la ilicitud y no haya desactivado el enlace con la diligencia debida. En el supuesto de que el Usuario considere que existe un Sitio Enlazado con contenidos il\u00edcitos o inadecuados podr\u00e1 comunic\u00e1rselo a BIOSCABOTEY, sin que en ning\u00fan caso esta comunicaci\u00f3n conlleve la obligaci\u00f3n de retirar el correspondiente enlace.<br \/>\nEn ning\u00fan caso, la existencia de Sitios Enlazados debe presuponer la formalizaci\u00f3n de acuerdos con los responsables o titulares de los mismos, ni la recomendaci\u00f3n, promoci\u00f3n o identificaci\u00f3n de BIOSCABOTEY con las manifestaciones, contenidos o servicios prove\u00eddos. BIOSCABOTEY no conoce los contenidos y servicios de los Sitios Enlazados y, por tanto, no se hace responsable por los da\u00f1os producidos por la ilicitud, calidad, desactualizaci\u00f3n, indisponibilidad, error e inutilidad de los contenidos y\/o servicios de los Sitios Enlazados ni por cualquier otro da\u00f1o que no sea directamente imputable a BIOSCABOTEY.<br \/>\n<strong>6. Propiedad intelectual e industrial<\/strong><br \/>\nTodos los contenidos del Sitio Web, entendiendo por \u00e9stos, a t\u00edtulo meramente enunciativo, los textos, fotograf\u00edas, gr\u00e1ficos, im\u00e1genes, iconos, tecnolog\u00eda, software, links y dem\u00e1s contenidos audiovisuales o sonoros, as\u00ed como su dise\u00f1o gr\u00e1fico y c\u00f3digos fuente, son propiedad intelectual de BIOSCABOTEY o de terceros, sin que puedan entenderse cedidos al Usuario ninguno de los derechos de explotaci\u00f3n reconocidos por la normativa vigente en materia de propiedad intelectual sobre los mismos.<br \/>\nLas marcas, nombres comerciales o signos distintivos son titularidad de BIOSCABOTEY o terceros, sin que pueda entenderse que el acceso al Sitio Web atribuye alg\u00fan derecho sobre los mismos.<br \/>\n<strong>7. Pol\u00edtica de privacidad<\/strong><br \/>\nDe conformidad con lo establecido en la Ley Org\u00e1nica 15\/1999, de 13 de diciembre, de Protecci\u00f3n de Datos de Car\u00e1cter Personal (en adelante, \u201cLOPD\u201d), informamos al Usuario que sus datos personales ser\u00e1n incorporados y tratados en los ficheros titularidad de BIOSCA&amp;BOTEY para poder prestarles los servicios solicitados, atender sus consultas y poder mantenerle informado, incluso por medios electr\u00f3nicos, acerca de nuestros productos, servicios, promociones y eventos. Si no desea recibir este tipo de comunicaciones puede indic\u00e1rnoslo a trav\u00e9s del correo info@bioscabotey.es<br \/>\n<strong>7.1. Ejercicio de derechos<\/strong><br \/>\nEl Usuario puede ejercer sus derechos de acceso, rectificaci\u00f3n, cancelaci\u00f3n y oposici\u00f3n previstos en la LOPD dirigi\u00e9ndose por escrito a LOREFAR, S.L., calle Din\u00e1mica, n\u00fam. 1, Pol\u00edgono Industrial Santa Rita, 08755 Castellbisbal (Barcelona), o bien mediante correo electr\u00f3nico dirigido a info@bioscabotey.es<br \/>\n<strong>7.2. Prohibici\u00f3n para menores<\/strong><br \/>\nLos menores de 14 a\u00f1os no deben facilitar sus datos personales a BIOSCABOTEY sin el previo consentimiento de sus padres o tutores. Por favor, si eres menor pide antes a tus padres o tutores que se pongan en contacto con nosotros.<br \/>\n<strong>7.3. Uso de Cookies<\/strong><br \/>\nBIOSCA&amp;BOTEY, por su propia cuenta o la de un tercero contratado para la prestaci\u00f3n de servicios de medici\u00f3n, pueden utilizar cookies cuando los Usuarios navegan por el Sitio Web. Las cookies son ficheros enviados al navegador por medio de un servidor web con la finalidad de registrar las actividades de los Usuarios durante su tiempo de navegaci\u00f3n.<br \/>\nLas cookies utilizadas por el Sitio Web se asocian \u00fanicamente con un usuario an\u00f3nimo y su ordenador, por lo que no proporcionan por s\u00ed mismas datos personales de los Usuarios.<br \/>\nMediante el uso de las cookies resulta posible que el servidor donde se encuentra alojado el Sitio Web reconozca el navegador web utilizado por los Usuarios, con la finalidad de que la navegaci\u00f3n sea m\u00e1s sencilla y permitiendo, por ejemplo, el acceso a los Usuarios que se hayan registrado previamente, a las \u00e1reas, servicios, promociones o concursos reservados exclusivamente a ellos sin tener que registrarse en cada visita. Se utilizan tambi\u00e9n para medir la audiencia y par\u00e1metros del tr\u00e1fico, as\u00ed como para controlar el progreso y n\u00famero de entradas.Los Usuarios tienen la posibilidad de configurar su navegador para ser avisados de la recepci\u00f3n de cookies y para impedir su instalaci\u00f3n en su equipo. Deben consultar las instrucciones y manuales de su navegador para ampliar esta informaci\u00f3n.<br \/>\nPara utilizar el Sitio Web no resulta necesario que los Usuarios permitan la instalaci\u00f3n de las cookies enviadas por el Sitio Web, o el tercero que act\u00fae en nombre de BIOSCABOTEY, sin perjuicio de que sea necesario que los Usuarios inicien una sesi\u00f3n como tales en cada uno de los servicios cuya prestaci\u00f3n requiera el previo registro o \u201clogin\u201d.<br \/>\n<strong>8. Nulidad e ineficacia de las cl\u00e1usulas<\/strong><br \/>\nSi cualquier cl\u00e1usula incluida en las presentes Condiciones Generales fuese declarada total o parcialmente nula o ineficaz, tal nulidad o ineficacia tan s\u00f3lo afectar\u00e1 a dicha disposici\u00f3n o a la parte de la misma que resulte nula o ineficaz, subsistiendo las presentes Condiciones Generales en todo lo dem\u00e1s, consider\u00e1ndose tal disposici\u00f3n total o parcialmente por no incluida.<br \/>\n<strong>9. Legislaci\u00f3n aplicable y jurisdicci\u00f3n competente<\/strong><br \/>\nEstas Condiciones Generales se regir\u00e1n e interpretar\u00e1n conforme a la legislaci\u00f3n espa\u00f1ola. BIOSCABOTEY y el Usuario acuerdan someter cualquier controversia que pudiera suscitarse entre ellos a los Juzgados y Tribunales de Madrid, Espa\u00f1a, salvo que la ley establezca otra cosa.<\/p>","protected":false},"excerpt":{"rendered":"<p>AVISO IMPORTANTE SOBRE PRIVACIDAD T\u00c9RMINOS Y CONDICIONES DEL SITIO WEB WWW.BIOSCABOTEY.ES &nbsp; T\u00e9rminos y Condiciones Estos t\u00e9rminos y condiciones (en adelante, \u201clas Condiciones Generales\u201d) rigen el<span class=\"excerpt-hellip\"> [\u2026]<\/span><\/p>\n","protected":false},"author":1,"featured_media":6082,"parent":0,"menu_order":0,"comment_status":"closed","ping_status":"closed","template":"","meta":{"footnotes":""},"class_list":["post-1076","page","type-page","status-publish","has-post-thumbnail","hentry"],"aioseo_notices":[],"_links":{"self":[{"href":"https:\/\/www.bioscabotey.es\/ca\/wp-json\/wp\/v2\/pages\/1076","targetHints":{"allow":["GET"]}}],"collection":[{"href":"https:\/\/www.bioscabotey.es\/ca\/wp-json\/wp\/v2\/pages"}],"about":[{"href":"https:\/\/www.bioscabotey.es\/ca\/wp-json\/wp\/v2\/types\/page"}],"author":[{"embeddable":true,"href":"https:\/\/www.bioscabotey.es\/ca\/wp-json\/wp\/v2\/users\/1"}],"replies":[{"embeddable":true,"href":"https:\/\/www.bioscabotey.es\/ca\/wp-json\/wp\/v2\/comments?post=1076"}],"version-history":[{"count":15,"href":"https:\/\/www.bioscabotey.es\/ca\/wp-json\/wp\/v2\/pages\/1076\/revisions"}],"predecessor-version":[{"id":7168,"href":"https:\/\/www.bioscabotey.es\/ca\/wp-json\/wp\/v2\/pages\/1076\/revisions\/7168"}],"wp:featuredmedia":[{"embeddable":true,"href":"https:\/\/www.bioscabotey.es\/ca\/wp-json\/wp\/v2\/media\/6082"}],"wp:attachment":[{"href":"https:\/\/www.bioscabotey.es\/ca\/wp-json\/wp\/v2\/media?parent=1076"}],"curies":[{"name":"wp","href":"https:\/\/api.w.org\/{rel}","templated":true}]}}