{"id":2513,"date":"2014-04-16T13:50:37","date_gmt":"2014-04-16T11:50:37","guid":{"rendered":"https:\/\/www.bioscabotey.es\/?page_id=2513"},"modified":"2019-06-25T10:46:44","modified_gmt":"2019-06-25T08:46:44","slug":"servicios","status":"publish","type":"page","link":"https:\/\/www.bioscabotey.es\/ca\/servicios\/","title":{"rendered":"Serveis"},"content":{"rendered":"<p><\/p>\n<h4>T&#8217;ajudem<\/h4>\n<p>A BioscaBotey comptem amb un <strong>equip expert en realitzaci\u00f3 de projectes lum\u00ednics i assessorament<\/strong> per a trobar la millor soluci\u00f3 en llars i negocis. El nostre equip de professionals visita l&#8217;obra de forma peri\u00f2dica per a supervisar l&#8217;execuci\u00f3, instal\u00b7laci\u00f3 i funcionament de les llumin\u00e0ries i el compliment de les normatives vigents.<\/p>\n<p><img loading=\"lazy\" decoding=\"async\" class=\"alignright wp-image-6345\" src=\"https:\/\/www.bioscabotey.es\/wp-content\/uploads\/2019\/05\/drawing-store-market-business-shop.jpg\" alt=\"\" width=\"292\" height=\"235\" srcset=\"https:\/\/www.bioscabotey.es\/wp-content\/uploads\/2019\/05\/drawing-store-market-business-shop.jpg 1000w, https:\/\/www.bioscabotey.es\/wp-content\/uploads\/2019\/05\/drawing-store-market-business-shop-300x242.jpg 300w, https:\/\/www.bioscabotey.es\/wp-content\/uploads\/2019\/05\/drawing-store-market-business-shop-768x618.jpg 768w, https:\/\/www.bioscabotey.es\/wp-content\/uploads\/2019\/05\/drawing-store-market-business-shop-181x146.jpg 181w, https:\/\/www.bioscabotey.es\/wp-content\/uploads\/2019\/05\/drawing-store-market-business-shop-50x40.jpg 50w, https:\/\/www.bioscabotey.es\/wp-content\/uploads\/2019\/05\/drawing-store-market-business-shop-93x75.jpg 93w\" sizes=\"auto, (max-width: 292px) 100vw, 292px\" \/>Oferim serveis en:<\/p>\n<ul>\n<li>Resid\u00e8ncies particulars<\/li>\n<li>Oficines i espais corporatius<\/li>\n<li>Botigues i centres comercials<\/li>\n<li>Espais culturals<\/li>\n<li>Hotels i restaurants<\/li>\n<li>Exteriors i fa\u00e7anes<\/li>\n<\/ul>\n<p>I per a realitzar-los, utilitzem la seg\u00fcent tecnologia: simulaci\u00f3 i realitat virtual amb <strong>DIALUX<\/strong> i <strong>RELUX<\/strong>, Light Room Lab, sala multifuncional per a realitzar recreacions lum\u00edniques i LED Gallery, espai dedicat a totes les aplicacions d&#8217;aquesta tecnologia. A m\u00e9s, tots els nostres projectes compleixen amb les normatives vigents del mercat, UNE-EN-12464-1 per als nivells lum\u00ednics segons \u00fas o activitat i Certificaci\u00f3 LEED (Leadership in Energy Environmental Design).<\/p>\n<p>&nbsp;<\/p>\n<h4 style=\"text-align: center;\">Alguns dels projectes realitzats<\/h4>\n<p><img loading=\"lazy\" decoding=\"async\" class=\"size-full wp-image-6347 aligncenter\" src=\"https:\/\/www.bioscabotey.es\/wp-content\/uploads\/2019\/05\/Realizados_1.jpg\" alt=\"\" width=\"1123\" height=\"350\" srcset=\"https:\/\/www.bioscabotey.es\/wp-content\/uploads\/2019\/05\/Realizados_1.jpg 1123w, https:\/\/www.bioscabotey.es\/wp-content\/uploads\/2019\/05\/Realizados_1-300x93.jpg 300w, https:\/\/www.bioscabotey.es\/wp-content\/uploads\/2019\/05\/Realizados_1-768x239.jpg 768w, https:\/\/www.bioscabotey.es\/wp-content\/uploads\/2019\/05\/Realizados_1-1024x319.jpg 1024w, https:\/\/www.bioscabotey.es\/wp-content\/uploads\/2019\/05\/Realizados_1-260x81.jpg 260w, https:\/\/www.bioscabotey.es\/wp-content\/uploads\/2019\/05\/Realizados_1-50x16.jpg 50w, https:\/\/www.bioscabotey.es\/wp-content\/uploads\/2019\/05\/Realizados_1-150x47.jpg 150w\" sizes=\"auto, (max-width: 1123px) 100vw, 1123px\" \/><\/p>\n<p><img loading=\"lazy\" decoding=\"async\" class=\"size-full wp-image-6348 aligncenter\" src=\"https:\/\/www.bioscabotey.es\/wp-content\/uploads\/2019\/05\/Realizados_2.jpg\" alt=\"\" width=\"1123\" height=\"350\" srcset=\"https:\/\/www.bioscabotey.es\/wp-content\/uploads\/2019\/05\/Realizados_2.jpg 1123w, https:\/\/www.bioscabotey.es\/wp-content\/uploads\/2019\/05\/Realizados_2-300x93.jpg 300w, https:\/\/www.bioscabotey.es\/wp-content\/uploads\/2019\/05\/Realizados_2-768x239.jpg 768w, https:\/\/www.bioscabotey.es\/wp-content\/uploads\/2019\/05\/Realizados_2-1024x319.jpg 1024w, https:\/\/www.bioscabotey.es\/wp-content\/uploads\/2019\/05\/Realizados_2-260x81.jpg 260w, https:\/\/www.bioscabotey.es\/wp-content\/uploads\/2019\/05\/Realizados_2-50x16.jpg 50w, https:\/\/www.bioscabotey.es\/wp-content\/uploads\/2019\/05\/Realizados_2-150x47.jpg 150w\" sizes=\"auto, (max-width: 1123px) 100vw, 1123px\" \/><\/p>","protected":false},"excerpt":{"rendered":"<p>T&#8217;ajudem A BioscaBotey comptem amb un equip expert en realitzaci\u00f3 de projectes lum\u00ednics i assessorament per a trobar la millor soluci\u00f3 en llars i negocis. El<span class=\"excerpt-hellip\"> [\u2026]<\/span><\/p>\n","protected":false},"author":2,"featured_media":0,"parent":0,"menu_order":0,"comment_status":"closed","ping_status":"closed","template":"","meta":{"footnotes":""},"class_list":["post-2513","page","type-page","status-publish","hentry"],"aioseo_notices":[],"_links":{"self":[{"href":"https:\/\/www.bioscabotey.es\/ca\/wp-json\/wp\/v2\/pages\/2513","targetHints":{"allow":["GET"]}}],"collection":[{"href":"https:\/\/www.bioscabotey.es\/ca\/wp-json\/wp\/v2\/pages"}],"about":[{"href":"https:\/\/www.bioscabotey.es\/ca\/wp-json\/wp\/v2\/types\/page"}],"author":[{"embeddable":true,"href":"https:\/\/www.bioscabotey.es\/ca\/wp-json\/wp\/v2\/users\/2"}],"replies":[{"embeddable":true,"href":"https:\/\/www.bioscabotey.es\/ca\/wp-json\/wp\/v2\/comments?post=2513"}],"version-history":[{"count":22,"href":"https:\/\/www.bioscabotey.es\/ca\/wp-json\/wp\/v2\/pages\/2513\/revisions"}],"predecessor-version":[{"id":6427,"href":"https:\/\/www.bioscabotey.es\/ca\/wp-json\/wp\/v2\/pages\/2513\/revisions\/6427"}],"wp:attachment":[{"href":"https:\/\/www.bioscabotey.es\/ca\/wp-json\/wp\/v2\/media?parent=2513"}],"curies":[{"name":"wp","href":"https:\/\/api.w.org\/{rel}","templated":true}]}}