{"id":5588,"date":"2018-03-12T16:56:18","date_gmt":"2018-03-12T15:56:18","guid":{"rendered":"https:\/\/www.bioscabotey.es\/?page_id=5588"},"modified":"2022-01-17T12:15:22","modified_gmt":"2022-01-17T11:15:22","slug":"politica-de-privacidad-y-cookies","status":"publish","type":"page","link":"https:\/\/www.bioscabotey.es\/ca\/politica-de-privacidad-y-cookies\/","title":{"rendered":"(Espa\u00f1ol) Pol\u00edtica de privacidad y cookies"},"content":{"rendered":"<p><strong>Responsable:<\/strong><\/p>\n<p><strong>\u00a0<\/strong>A continuaci\u00f3n, se identifica al responsable del tratamiento de los datos recabados por medio de este Sitio Web:<\/p>\n<ul>\n<li>LOREFAR, S.L. B-58087479 (en adelante, \u201c<strong>BIOSCABOTEY<\/strong>\u201d).<\/li>\n<li>Calle Din\u00e1mica, n\u00famero 1, Pol\u00edgono Industrial Santa Rita, Castellbisbal, 08755 \u2013 Barcelona.<\/li>\n<li><a href=\"mailto:info@bioscabotey.es\">info@bioscabotey.es<\/a><\/li>\n<\/ul>\n<p>&nbsp;<\/p>\n<ol start=\"2\">\n<li><strong>Finalidad:<\/strong><\/li>\n<\/ol>\n<p><strong>\u00a0<\/strong>Los datos personales del usuario de este Sitio Web se tratar\u00e1n para las siguientes finalidades:<\/p>\n<ul>\n<li>Posibilitar el uso de las funcionalidades puestas a su disposici\u00f3n en el Sitio Web, as\u00ed como la atenci\u00f3n a las solicitudes que el usuario dirija a<\/li>\n<\/ul>\n<p>Los datos tratados con esta finalidad se conservar\u00e1n mientras se mantenga el uso de dichas funcionalidades. Para el caso de solicitudes efectuadas por un usuario que no mantenga una relaci\u00f3n contractual con BIOSCABOTEY, los datos se conservar\u00e1n hasta haber resuelto dichas solicitudes.<\/p>\n<ul>\n<li>Mantener informado al usuario, incluso por medios electr\u00f3nicos, acerca de los productos, servicios y novedades de BIOSCABOTEY y el resto de empresas pertenecientes a Grupo FARO, todas ellas dedicadas a la venta de art\u00edculos de iluminaci\u00f3n y ventilaci\u00f3n. Esta finalidad incluye las suscripciones a la newsletter de BIOSCABOTEY.<\/li>\n<\/ul>\n<p><em>\u00a0<\/em>Los datos tratados con esta finalidad se conservar\u00e1n hasta el momento en que el usuario retire su consentimiento dado para la recepci\u00f3n de dichas comunicaciones.<\/p>\n<p><em>\u00a0<\/em>Si usted no consiente el tratamiento de sus datos con esta finalidad, por favor, marque la siguiente casilla<\/p>\n<p><em>\u00a0<\/em>Comunicar los datos de los usuarios al resto de empresas pertenecientes al Grupo FARO, todas ellas dedicadas a la venta de art\u00edculos de iluminaci\u00f3n y ventilaci\u00f3n, para que puedan mantener informado al Cliente, incluso por medios electr\u00f3nicos, acerca de sus productos, servicios y novedades.<\/p>\n<p><em>\u00a0<\/em>Los datos tratados con esta finalidad se conservar\u00e1n hasta el momento en que el usuario retire su consentimiento dado para la comunicaci\u00f3n de sus datos.<\/p>\n<p><em>\u00a0<\/em>Si usted no consiente el tratamiento de sus datos con esta finalidad, por favor, marque la siguiente casilla<\/p>\n<ol start=\"3\">\n<li><strong>Legitimaci\u00f3n:<\/strong><\/li>\n<\/ol>\n<p>La base jur\u00eddica para llevar a cabo los tratamientos de datos especificados en el apartado anterior es la siguiente:<\/p>\n<ul>\n<li>Ejecuci\u00f3n de las funcionalidades ofrecidas en el Sitio Web. Para el caso de solicitudes efectuadas por un usuario que no mantenga una relaci\u00f3n contractual con BIOSCABOTEY, la base jur\u00eddica es el consentimiento del usuario impl\u00edcito en su solicitud a los efectos de que BIOSCABOTEY pueda atenderla.<\/li>\n<li>El consentimiento del usuario dado para la recepci\u00f3n de dichas comunicaciones.<\/li>\n<li>El consentimiento del usuario dado para la comunicaci\u00f3n de sus datos.<\/li>\n<\/ul>\n<p>&nbsp;<\/p>\n<ol start=\"4\">\n<li><strong>Destinatarios<\/strong><\/li>\n<\/ol>\n<p><strong>\u00a0<\/strong>De conformidad con lo previsto en la finalidad de tratamiento 3\u00aa, los datos del usuario se comunicar\u00e1n al resto de empresas pertenecientes al Grupo FARO, las cuales pueden consultarse en www.bioscabotey.es.<\/p>\n<ol start=\"5\">\n<li><strong>Derechos<\/strong><\/li>\n<\/ol>\n<p>El usuario puede ejercer ante BIOSCABOTEY los siguientes derechos relacionados con sus datos personales: Acceso; Rectificaci\u00f3n; Supresi\u00f3n; Limitaci\u00f3n del tratamiento; Portabilidad de los datos y Oposici\u00f3n.<\/p>\n<p>De igual modo, en los tratamientos de los datos del usuario cuya legitimaci\u00f3n se basa en el consentimiento dado por el usuario, \u00e9ste tiene el derecho a retirar dicho consentimiento en cualquier momento, sin que ello afecte a la licitud del tratamiento basado en el consentimiento previo a su retirada.<\/p>\n<p>Para el ejercicio de tales derechos el usuario puede enviar su solicitud a BIOSCABOTEY, Calle Din\u00e1mica, n\u00famero 1, Pol\u00edgono Industrial Santa Rita, Castellbisbal, 08755 \u2013 Barcelona; o a la direcci\u00f3n de correo electr\u00f3nico <a href=\"mailto:info@bioscabotey.es\">rgpd@faro.es<\/a><\/p>\n<p><em>\u00a0<\/em>En todo caso, el usuario tiene derecho a presentar una reclamaci\u00f3n ante la correspondiente autoridad de control si lo estima oportuno.<\/p>\n<ol start=\"6\">\n<li><strong>Uso de cookies<\/strong><\/li>\n<\/ol>\n<p>En este Sitio Web utilizamos\u00a0<em>cookies<\/em>\u00a0de terceros para mejorar nuestros servicios mediante el an\u00e1lisis de la navegaci\u00f3n del usuario. Si contin\u00faa navegando, consideramos que acepta su uso.<\/p>\n<p>A los efectos de esta pol\u00edtica de privacidad y cookies, \u201ccontinuar navegando\u201d significa hacer clic en cualquier bot\u00f3n, casilla de verificaci\u00f3n o enlace del Sitio Web, descargar cualquier contenido del mismo o hacer\u00a0<em>scroll<\/em>.<\/p>\n<p><strong>6.1.\u00a0\u00a0 Qu\u00e9 es una cookie<\/strong><\/p>\n<p>Una <em>cookie <\/em>es un fichero que se descarga en el ordenador del usuario cuando accede a determinados sitios web, como por ejemplo, \u00e9ste. Las <em>cookies <\/em>permiten a dichos sitios web, entre otras cosas, almacenar y recuperar informaci\u00f3n sobre los h\u00e1bitos de navegaci\u00f3n del usuario o los de su equipo y, dependiendo de la informaci\u00f3n que contengan y de la forma en que utilice su equipo, pueden utilizarse para reconocer al usuario.<\/p>\n<p><strong>6.2.<\/strong>\u00a0\u00a0 <strong>\u00bfQu\u00e9 tipos de <em>cookies <\/em>utiliza este Sitio Web?<\/strong><\/p>\n<p>El presente Sitio Web contiene las siguientes <em>cookies:<\/em><\/p>\n<p>Cookies de an\u00e1lisis: Son aqu\u00e9llas que, bien tratadas por BIOSCABOTEY o por terceros, permiten cuantificar el n\u00famero de usuarios y as\u00ed realizar la medici\u00f3n y an\u00e1lisis estad\u00edstico de la utilizaci\u00f3n que \u00e9stos hacen del Sitio Web. Para ello se analiza su navegaci\u00f3n en el Sitio Web con el fin de mejorar la oferta de productos o servicios que se muestran en el mismo.<\/p>\n<p>En concreto, este Sitio Web utiliza las siguientes cookies de an\u00e1lisis:<\/p>\n<p>&#8211; Google Analytics, herramienta de anal\u00edtica ofrecida por el tercero Google Inc., sito en Estados Unidos. El usuario puede ampliar la informaci\u00f3n sobre el uso de cookies en Google Analytics en:<\/p>\n<p>https:\/\/support.google.com\/analytics\/answer\/6004245<\/p>\n<p>&#8211; Visual Website Optimizer: B\u00e1sicamente se trata de una herramienta que permite cambiar diferentes aspectos de un sitio web (texto, colores, formatos, etc.) con el fin de hacer pruebas y hacer tambi\u00e9n un seguimiento de los resultados de dichos cambios.<\/p>\n<p>&#8211; DoubleClick: Se trata de un grupo de herramientas de marketing digital de Google enfocadas a la creaci\u00f3n, gesti\u00f3n, optimizaci\u00f3n e incluso medici\u00f3n de campa\u00f1as y otros insights<\/p>\n<p><strong>6.3.<\/strong>\u00a0\u00a0 <strong>\u00bfC\u00f3mo puedo bloquear o eliminar las cookies que utiliza este sitio web?<\/strong><\/p>\n<p>Puedes permitir, bloquear o eliminar las cookies instaladas en tu equipo mediante la configuraci\u00f3n de las opciones del navegador instalado en tu ordenador.<\/p>\n<p>El bloqueo, la deshabilitaci\u00f3n o la eliminaci\u00f3n de las cookies utilizadas por BIOSCABOTEY en el Sitio Web puede afectar a la plena funcionalidad del mismo; haciendo que algunos servicios o funciones no est\u00e9n disponibles para el usuario.<\/p>","protected":false},"excerpt":{"rendered":"<p>Responsable: \u00a0A continuaci\u00f3n, se identifica al responsable del tratamiento de los datos recabados por medio de este Sitio Web: LOREFAR, S.L. B-58087479 (en adelante, \u201cBIOSCABOTEY\u201d). Calle<span class=\"excerpt-hellip\"> [\u2026]<\/span><\/p>\n","protected":false},"author":2,"featured_media":0,"parent":0,"menu_order":0,"comment_status":"closed","ping_status":"closed","template":"","meta":{"footnotes":""},"class_list":["post-5588","page","type-page","status-publish","hentry"],"aioseo_notices":[],"_links":{"self":[{"href":"https:\/\/www.bioscabotey.es\/ca\/wp-json\/wp\/v2\/pages\/5588","targetHints":{"allow":["GET"]}}],"collection":[{"href":"https:\/\/www.bioscabotey.es\/ca\/wp-json\/wp\/v2\/pages"}],"about":[{"href":"https:\/\/www.bioscabotey.es\/ca\/wp-json\/wp\/v2\/types\/page"}],"author":[{"embeddable":true,"href":"https:\/\/www.bioscabotey.es\/ca\/wp-json\/wp\/v2\/users\/2"}],"replies":[{"embeddable":true,"href":"https:\/\/www.bioscabotey.es\/ca\/wp-json\/wp\/v2\/comments?post=5588"}],"version-history":[{"count":6,"href":"https:\/\/www.bioscabotey.es\/ca\/wp-json\/wp\/v2\/pages\/5588\/revisions"}],"predecessor-version":[{"id":7182,"href":"https:\/\/www.bioscabotey.es\/ca\/wp-json\/wp\/v2\/pages\/5588\/revisions\/7182"}],"wp:attachment":[{"href":"https:\/\/www.bioscabotey.es\/ca\/wp-json\/wp\/v2\/media?parent=5588"}],"curies":[{"name":"wp","href":"https:\/\/api.w.org\/{rel}","templated":true}]}}