{"id":6199,"date":"2018-11-14T14:25:04","date_gmt":"2018-11-14T14:25:04","guid":{"rendered":"https:\/\/themes.muffingroup.com\/be\/organic\/?page_id=2"},"modified":"2023-12-13T10:48:39","modified_gmt":"2023-12-13T09:48:39","slug":"catalan-home","status":"publish","type":"page","link":"https:\/\/www.bioscabotey.es\/ca\/","title":{"rendered":"BioscaBotey &#8211; Millors marques de llumin\u00e0ries de disseny i ventiladors de sostre"},"content":{"rendered":"","protected":false},"excerpt":{"rendered":"<p>Tienda de iluminaci\u00f3n y ventilaci\u00f3n con las mejores marcas de dise\u00f1o. En BioscaBotey podr\u00e1s encontrar l\u00e1mparas de dise\u00f1o, ventiladores de techo y focos en tienda de soluciones de iluminaci\u00f3n interior y exterior.<\/p>\n","protected":false},"author":2,"featured_media":0,"parent":0,"menu_order":0,"comment_status":"closed","ping_status":"open","template":"","meta":{"footnotes":""},"class_list":["post-6199","page","type-page","status-publish","hentry"],"aioseo_notices":[],"_links":{"self":[{"href":"https:\/\/www.bioscabotey.es\/ca\/wp-json\/wp\/v2\/pages\/6199","targetHints":{"allow":["GET"]}}],"collection":[{"href":"https:\/\/www.bioscabotey.es\/ca\/wp-json\/wp\/v2\/pages"}],"about":[{"href":"https:\/\/www.bioscabotey.es\/ca\/wp-json\/wp\/v2\/types\/page"}],"author":[{"embeddable":true,"href":"https:\/\/www.bioscabotey.es\/ca\/wp-json\/wp\/v2\/users\/2"}],"replies":[{"embeddable":true,"href":"https:\/\/www.bioscabotey.es\/ca\/wp-json\/wp\/v2\/comments?post=6199"}],"version-history":[{"count":8,"href":"https:\/\/www.bioscabotey.es\/ca\/wp-json\/wp\/v2\/pages\/6199\/revisions"}],"predecessor-version":[{"id":7328,"href":"https:\/\/www.bioscabotey.es\/ca\/wp-json\/wp\/v2\/pages\/6199\/revisions\/7328"}],"wp:attachment":[{"href":"https:\/\/www.bioscabotey.es\/ca\/wp-json\/wp\/v2\/media?parent=6199"}],"curies":[{"name":"wp","href":"https:\/\/api.w.org\/{rel}","templated":true}]}}