{"id":6274,"date":"2019-04-29T14:01:38","date_gmt":"2019-04-29T12:01:38","guid":{"rendered":"https:\/\/www.bioscabotey.es\/?page_id=6274"},"modified":"2022-01-17T09:57:39","modified_gmt":"2022-01-17T08:57:39","slug":"sobre-nosotros","status":"publish","type":"page","link":"https:\/\/www.bioscabotey.es\/ca\/sobre-nosotros\/","title":{"rendered":"Sobre nosaltres"},"content":{"rendered":"<p><\/p>\n<h4>\u00a1Benvinguts a BioscaBotey!<\/h4>\n<p>BioscaBotey \u00e9s una <strong>botiga d&#8217;il\u00b7luminaci\u00f3<\/strong> fundada al comen\u00e7ament del segle XX a Barcelona, en una \u00e8poca marcada pels nous corrents art\u00edstics com el modernisme, grans obres arquitect\u00f2niques i un auge de la societat avantguardista.<\/p>\n<p>Al llarg dels anys s&#8217;ha posicionat com una botiga emblem\u00e0tica en disseny de la ciutat i ha format part de molts projectes com el temple de la<strong> Sagrada Fam\u00edlia<\/strong>, el <strong>Gran\u00a0Teatre\u00a0del\u00a0Liceu<\/strong>, el centre de convencions del F\u00f2rum o la torre Agbar.<\/p>\n<p><img loading=\"lazy\" decoding=\"async\" class=\"size-full wp-image-6325 aligncenter\" src=\"https:\/\/www.bioscabotey.es\/wp-content\/uploads\/2019\/04\/IMagen_barcelona_skyline_blanco.jpg\" alt=\"\" width=\"1333\" height=\"400\" srcset=\"https:\/\/www.bioscabotey.es\/wp-content\/uploads\/2019\/04\/IMagen_barcelona_skyline_blanco.jpg 1333w, https:\/\/www.bioscabotey.es\/wp-content\/uploads\/2019\/04\/IMagen_barcelona_skyline_blanco-300x90.jpg 300w, https:\/\/www.bioscabotey.es\/wp-content\/uploads\/2019\/04\/IMagen_barcelona_skyline_blanco-768x230.jpg 768w, https:\/\/www.bioscabotey.es\/wp-content\/uploads\/2019\/04\/IMagen_barcelona_skyline_blanco-1024x307.jpg 1024w, https:\/\/www.bioscabotey.es\/wp-content\/uploads\/2019\/04\/IMagen_barcelona_skyline_blanco-260x78.jpg 260w, https:\/\/www.bioscabotey.es\/wp-content\/uploads\/2019\/04\/IMagen_barcelona_skyline_blanco-50x15.jpg 50w, https:\/\/www.bioscabotey.es\/wp-content\/uploads\/2019\/04\/IMagen_barcelona_skyline_blanco-150x45.jpg 150w\" sizes=\"auto, (max-width: 1333px) 100vw, 1333px\" \/><\/p>\n<p>A principis dels anys 80 la botiga es va centrar en el negoci immobiliari i en projectes de fa\u00e7anes que aprofitaven la llum natural, i des de 2011 forma part del grup <a href=\"https:\/\/faro.es\/ca\/\" target=\"_blank\" rel=\"noopener noreferrer\">Faro Barcelona<\/a>. Amb l&#8217;adquisici\u00f3, la botiga s&#8217;ha modernitzat i compta amb les millors marques del m\u00f3n de la il\u00b7luminaci\u00f3 i una petita selecci\u00f3 de ventiladors de sostre. L&#8217;<strong>assessoria professional<\/strong> \u00e9s, avui, un dels punts forts del negoci, perqu\u00e8 compta amb un equip expert que ajuda tant particulars com empreses a aconseguir un projecte lum\u00ednic de qualitat.<\/p>\n<p><img loading=\"lazy\" decoding=\"async\" class=\"size-full wp-image-6316 aligncenter\" src=\"https:\/\/www.bioscabotey.es\/wp-content\/uploads\/2019\/04\/Imagen_lamparas_3.jpg\" alt=\"\" width=\"1333\" height=\"400\" srcset=\"https:\/\/www.bioscabotey.es\/wp-content\/uploads\/2019\/04\/Imagen_lamparas_3.jpg 1333w, https:\/\/www.bioscabotey.es\/wp-content\/uploads\/2019\/04\/Imagen_lamparas_3-300x90.jpg 300w, https:\/\/www.bioscabotey.es\/wp-content\/uploads\/2019\/04\/Imagen_lamparas_3-768x230.jpg 768w, https:\/\/www.bioscabotey.es\/wp-content\/uploads\/2019\/04\/Imagen_lamparas_3-1024x307.jpg 1024w, https:\/\/www.bioscabotey.es\/wp-content\/uploads\/2019\/04\/Imagen_lamparas_3-260x78.jpg 260w, https:\/\/www.bioscabotey.es\/wp-content\/uploads\/2019\/04\/Imagen_lamparas_3-50x15.jpg 50w, https:\/\/www.bioscabotey.es\/wp-content\/uploads\/2019\/04\/Imagen_lamparas_3-150x45.jpg 150w\" sizes=\"auto, (max-width: 1333px) 100vw, 1333px\" \/><\/p>\n<p><strong>Vine a visitar-nos:<\/strong><\/p>\n<p>Direcci\u00f3: C\/ Princesa, 52<br \/>\nHorari: de dilluns a divendres de 10:30 a 19h<br \/>\nServei d&#8217;atenci\u00f3 al client per WhatsApp: 676 231 593<\/p>","protected":false},"excerpt":{"rendered":"<p>\u00a1Benvinguts a BioscaBotey! BioscaBotey \u00e9s una botiga d&#8217;il\u00b7luminaci\u00f3 fundada al comen\u00e7ament del segle XX a Barcelona, en una \u00e8poca marcada pels nous corrents art\u00edstics com el<span class=\"excerpt-hellip\"> [\u2026]<\/span><\/p>\n","protected":false},"author":2,"featured_media":0,"parent":0,"menu_order":0,"comment_status":"closed","ping_status":"closed","template":"","meta":{"footnotes":""},"class_list":["post-6274","page","type-page","status-publish","hentry"],"aioseo_notices":[],"_links":{"self":[{"href":"https:\/\/www.bioscabotey.es\/ca\/wp-json\/wp\/v2\/pages\/6274","targetHints":{"allow":["GET"]}}],"collection":[{"href":"https:\/\/www.bioscabotey.es\/ca\/wp-json\/wp\/v2\/pages"}],"about":[{"href":"https:\/\/www.bioscabotey.es\/ca\/wp-json\/wp\/v2\/types\/page"}],"author":[{"embeddable":true,"href":"https:\/\/www.bioscabotey.es\/ca\/wp-json\/wp\/v2\/users\/2"}],"replies":[{"embeddable":true,"href":"https:\/\/www.bioscabotey.es\/ca\/wp-json\/wp\/v2\/comments?post=6274"}],"version-history":[{"count":52,"href":"https:\/\/www.bioscabotey.es\/ca\/wp-json\/wp\/v2\/pages\/6274\/revisions"}],"predecessor-version":[{"id":7147,"href":"https:\/\/www.bioscabotey.es\/ca\/wp-json\/wp\/v2\/pages\/6274\/revisions\/7147"}],"wp:attachment":[{"href":"https:\/\/www.bioscabotey.es\/ca\/wp-json\/wp\/v2\/media?parent=6274"}],"curies":[{"name":"wp","href":"https:\/\/api.w.org\/{rel}","templated":true}]}}